{"id":127239,"date":"2026-04-29T15:29:42","date_gmt":"2026-04-29T13:29:42","guid":{"rendered":"https:\/\/poggi.tesecom.net\/?page_id=127239"},"modified":"2026-04-29T15:39:17","modified_gmt":"2026-04-29T13:39:17","slug":"politique-de-confidentialite","status":"publish","type":"page","link":"https:\/\/poggi.tesecom.net\/fr\/politique-de-confidentialite\/","title":{"rendered":"Politique de confidentialit\u00e9"},"content":{"rendered":"\r\n<h2 class=\"wp-block-heading\">Information conform\u00e9ment \u00e0 l\u2019art. 13 du R\u00e8glement (UE) n\u00b0 679\/2016 (\u201cRGPD\u201d)<\/h2>\r\n<p>Le soussign\u00e9 (soci\u00e9t\u00e9\/entit\u00e9\/entreprise individuelle\/association\/professionnel ind\u00e9pendant) prot\u00e8ge la confidentialit\u00e9 des donn\u00e9es personnelles et garantit la protection n\u00e9cessaire contre tout \u00e9v\u00e9nement pouvant les exposer \u00e0 un risque de violation.<br \/>Conform\u00e9ment aux dispositions du R\u00e8glement (UE) n\u00b0 679\/2016 (\u201cRGPD\u201d), et notamment \u00e0 son art. 13, les informations suivantes sont fournies \u00e0 l\u2019utilisateur (\u201cPersonne concern\u00e9e\u201d) concernant le traitement de ses donn\u00e9es personnelles.<br \/>La pr\u00e9sente information (\u201cInformation\u201d), r\u00e9dig\u00e9e sur la base du principe de transparence et de tous les \u00e9l\u00e9ments requis par le RGPD, est structur\u00e9e en sections distinctes, chacune traitant d\u2019un sujet sp\u00e9cifique afin de rendre la lecture plus rapide, claire et compr\u00e9hensible.<\/p>\r\n<h3>SECTION I<\/h3>\r\n<p><b>Qui nous sommes et quelles donn\u00e9es nous traitons [Art. 13, par. 1, let. a); Art. 15, let. b) RGPD]<\/b><br \/>Le traitement des donn\u00e9es personnelles de la Personne concern\u00e9e est effectu\u00e9 par POGGI S.p.A., repr\u00e9sent\u00e9e par son repr\u00e9sentant l\u00e9gal pro tempore, dont le si\u00e8ge est situ\u00e9 \u00e0 Chiusi della Verna (AR), Via XXV Aprile, 19 Loc. Corsalone, en tant que Responsable du traitement (\u201cResponsable\u201d), joignable \u00e0 l\u2019adresse poggi@pec.poggi-spa.com, qui collecte et\/ou re\u00e7oit des informations concernant la Personne concern\u00e9e, telles que :<\/p>\r\n<table class=\"pritab\">\r\n<thead>\r\n<tr>\r\n<th>Cat\u00e9gorie de donn\u00e9es<\/th>\r\n<th>Exemples de types de donn\u00e9es<\/th>\r\n<\/tr>\r\n<\/thead>\r\n<tbody>\r\n<tr>\r\n<td>Donn\u00e9es personnelles<\/td>\r\n<td>nom, pr\u00e9nom, adresse physique, nationalit\u00e9, province et commune de r\u00e9sidence, t\u00e9l\u00e9phone fixe et\/ou mobile, fax, code fiscal\/TVA, adresse(s) e-mail, copie du document d\u2019identit\u00e9<\/td>\r\n<\/tr>\r\n<tr>\r\n<td>Donn\u00e9es bancaires<\/td>\r\n<td>IBAN et coordonn\u00e9es bancaires\/postales (hors num\u00e9ro de carte de cr\u00e9dit)<\/td>\r\n<\/tr>\r\n<tr>\r\n<td>Donn\u00e9es de trafic t\u00e9l\u00e9matique<\/td>\r\n<td>Log, adresse IP d\u2019origine<\/td>\r\n<\/tr>\r\n<\/tbody>\r\n<\/table>\r\n<p>La Personne concern\u00e9e n\u2019est pas tenue de fournir des donn\u00e9es dites \u201cparticuli\u00e8res\u201d, \u00e0 savoir, conform\u00e9ment \u00e0 l\u2019art. 9 du RGPD, des donn\u00e9es r\u00e9v\u00e9lant l\u2019origine raciale ou ethnique, les opinions politiques, les convictions religieuses ou philosophiques, l\u2019appartenance syndicale, ainsi que des donn\u00e9es g\u00e9n\u00e9tiques, biom\u00e9triques, de sant\u00e9 ou relatives \u00e0 la vie sexuelle ou \u00e0 l\u2019orientation sexuelle. Si le service demand\u00e9 n\u00e9cessite le traitement de ces donn\u00e9es (voir Section IV), une information sp\u00e9cifique sera fournie et le consentement sera requis.<\/p>\r\n","protected":false},"excerpt":{"rendered":"<p>Information conform\u00e9ment \u00e0 l\u2019art. 13 du R\u00e8glement (UE) n\u00b0 679\/2016 (\u201cRGPD\u201d) Le soussign\u00e9 (soci\u00e9t\u00e9\/entit\u00e9\/entreprise individuelle\/association\/professionnel ind\u00e9pendant) prot\u00e8ge la confidentialit\u00e9 des donn\u00e9es personnelles et garantit la protection n\u00e9cessaire contre tout \u00e9v\u00e9nement pouvant les exposer \u00e0 un risque de violation.Conform\u00e9ment aux dispositions du R\u00e8glement (UE) n\u00b0 679\/2016 (\u201cRGPD\u201d), et notamment \u00e0 son art. 13, les informations suivantes [&hellip;]<\/p>\n","protected":false},"author":2,"featured_media":0,"parent":0,"menu_order":0,"comment_status":"closed","ping_status":"open","template":"","meta":{"_acf_changed":false,"footnotes":""},"class_list":["post-127239","page","type-page","status-publish","hentry"],"acf":[],"yoast_head":"<!-- This site is optimized with the Yoast SEO plugin v26.4 - https:\/\/yoast.com\/wordpress\/plugins\/seo\/ -->\n<title>Politique de confidentialit\u00e9 - Poggi S.p.a.<\/title>\n<meta name=\"robots\" content=\"noindex, follow, max-snippet:-1, max-image-preview:large, max-video-preview:-1\" \/>\n<meta property=\"og:locale\" content=\"fr_FR\" \/>\n<meta property=\"og:type\" content=\"article\" \/>\n<meta property=\"og:title\" content=\"Politique de confidentialit\u00e9 - Poggi S.p.a.\" \/>\n<meta property=\"og:description\" content=\"Information conform\u00e9ment \u00e0 l\u2019art. 13 du R\u00e8glement (UE) n\u00b0 679\/2016 (\u201cRGPD\u201d) Le soussign\u00e9 (soci\u00e9t\u00e9\/entit\u00e9\/entreprise individuelle\/association\/professionnel ind\u00e9pendant) prot\u00e8ge la confidentialit\u00e9 des donn\u00e9es personnelles et garantit la protection n\u00e9cessaire contre tout \u00e9v\u00e9nement pouvant les exposer \u00e0 un risque de violation.Conform\u00e9ment aux dispositions du R\u00e8glement (UE) n\u00b0 679\/2016 (\u201cRGPD\u201d), et notamment \u00e0 son art. 13, les informations suivantes [&hellip;]\" \/>\n<meta property=\"og:url\" content=\"https:\/\/poggi.tesecom.net\/fr\/politique-de-confidentialite\/\" \/>\n<meta property=\"og:site_name\" content=\"Poggi S.p.a.\" \/>\n<meta property=\"article:modified_time\" content=\"2026-04-29T13:39:17+00:00\" \/>\n<meta name=\"twitter:card\" content=\"summary_large_image\" \/>\n<meta name=\"twitter:label1\" content=\"Dur\u00e9e de lecture estim\u00e9e\" \/>\n\t<meta name=\"twitter:data1\" content=\"2 minutes\" \/>\n<script type=\"application\/ld+json\" class=\"yoast-schema-graph\">{\"@context\":\"https:\/\/schema.org\",\"@graph\":[{\"@type\":\"WebPage\",\"@id\":\"https:\/\/poggi.tesecom.net\/fr\/politique-de-confidentialite\/\",\"url\":\"https:\/\/poggi.tesecom.net\/fr\/politique-de-confidentialite\/\",\"name\":\"Politique de confidentialit\u00e9 - Poggi S.p.a.\",\"isPartOf\":{\"@id\":\"https:\/\/poggi.tesecom.net\/fr\/#website\"},\"datePublished\":\"2026-04-29T13:29:42+00:00\",\"dateModified\":\"2026-04-29T13:39:17+00:00\",\"breadcrumb\":{\"@id\":\"https:\/\/poggi.tesecom.net\/fr\/politique-de-confidentialite\/#breadcrumb\"},\"inLanguage\":\"fr-FR\",\"potentialAction\":[{\"@type\":\"ReadAction\",\"target\":[\"https:\/\/poggi.tesecom.net\/fr\/politique-de-confidentialite\/\"]}]},{\"@type\":\"BreadcrumbList\",\"@id\":\"https:\/\/poggi.tesecom.net\/fr\/politique-de-confidentialite\/#breadcrumb\",\"itemListElement\":[{\"@type\":\"ListItem\",\"position\":1,\"name\":\"Home\",\"item\":\"https:\/\/poggi.tesecom.net\/fr\/\"},{\"@type\":\"ListItem\",\"position\":2,\"name\":\"Politique de confidentialit\u00e9\"}]},{\"@type\":\"WebSite\",\"@id\":\"https:\/\/poggi.tesecom.net\/fr\/#website\",\"url\":\"https:\/\/poggi.tesecom.net\/fr\/\",\"name\":\"Poggi S.p.a. - Produttori di Silos dal 1945\",\"description\":\"\",\"publisher\":{\"@id\":\"https:\/\/poggi.tesecom.net\/fr\/#organization\"},\"potentialAction\":[{\"@type\":\"SearchAction\",\"target\":{\"@type\":\"EntryPoint\",\"urlTemplate\":\"https:\/\/poggi.tesecom.net\/fr\/?s={search_term_string}\"},\"query-input\":{\"@type\":\"PropertyValueSpecification\",\"valueRequired\":true,\"valueName\":\"search_term_string\"}}],\"inLanguage\":\"fr-FR\"},{\"@type\":\"Organization\",\"@id\":\"https:\/\/poggi.tesecom.net\/fr\/#organization\",\"name\":\"Poggi S.p.a. - Produttori di Silos dal 1945\",\"url\":\"https:\/\/poggi.tesecom.net\/fr\/\",\"logo\":{\"@type\":\"ImageObject\",\"inLanguage\":\"fr-FR\",\"@id\":\"https:\/\/poggi.tesecom.net\/fr\/#\/schema\/logo\/image\/\",\"url\":\"https:\/\/poggi.tesecom.net\/wp-content\/uploads\/2025\/10\/Logo_2025.webp\",\"contentUrl\":\"https:\/\/poggi.tesecom.net\/wp-content\/uploads\/2025\/10\/Logo_2025.webp\",\"width\":1484,\"height\":494,\"caption\":\"Poggi S.p.a. - Produttori di Silos dal 1945\"},\"image\":{\"@id\":\"https:\/\/poggi.tesecom.net\/fr\/#\/schema\/logo\/image\/\"}}]}<\/script>\n<!-- \/ Yoast SEO plugin. -->","yoast_head_json":{"title":"Politique de confidentialit\u00e9 - Poggi S.p.a.","robots":{"index":"noindex","follow":"follow","max-snippet":"max-snippet:-1","max-image-preview":"max-image-preview:large","max-video-preview":"max-video-preview:-1"},"og_locale":"fr_FR","og_type":"article","og_title":"Politique de confidentialit\u00e9 - Poggi S.p.a.","og_description":"Information conform\u00e9ment \u00e0 l\u2019art. 13 du R\u00e8glement (UE) n\u00b0 679\/2016 (\u201cRGPD\u201d) Le soussign\u00e9 (soci\u00e9t\u00e9\/entit\u00e9\/entreprise individuelle\/association\/professionnel ind\u00e9pendant) prot\u00e8ge la confidentialit\u00e9 des donn\u00e9es personnelles et garantit la protection n\u00e9cessaire contre tout \u00e9v\u00e9nement pouvant les exposer \u00e0 un risque de violation.Conform\u00e9ment aux dispositions du R\u00e8glement (UE) n\u00b0 679\/2016 (\u201cRGPD\u201d), et notamment \u00e0 son art. 13, les informations suivantes [&hellip;]","og_url":"https:\/\/poggi.tesecom.net\/fr\/politique-de-confidentialite\/","og_site_name":"Poggi S.p.a.","article_modified_time":"2026-04-29T13:39:17+00:00","twitter_card":"summary_large_image","twitter_misc":{"Dur\u00e9e de lecture estim\u00e9e":"2 minutes"},"schema":{"@context":"https:\/\/schema.org","@graph":[{"@type":"WebPage","@id":"https:\/\/poggi.tesecom.net\/fr\/politique-de-confidentialite\/","url":"https:\/\/poggi.tesecom.net\/fr\/politique-de-confidentialite\/","name":"Politique de confidentialit\u00e9 - Poggi S.p.a.","isPartOf":{"@id":"https:\/\/poggi.tesecom.net\/fr\/#website"},"datePublished":"2026-04-29T13:29:42+00:00","dateModified":"2026-04-29T13:39:17+00:00","breadcrumb":{"@id":"https:\/\/poggi.tesecom.net\/fr\/politique-de-confidentialite\/#breadcrumb"},"inLanguage":"fr-FR","potentialAction":[{"@type":"ReadAction","target":["https:\/\/poggi.tesecom.net\/fr\/politique-de-confidentialite\/"]}]},{"@type":"BreadcrumbList","@id":"https:\/\/poggi.tesecom.net\/fr\/politique-de-confidentialite\/#breadcrumb","itemListElement":[{"@type":"ListItem","position":1,"name":"Home","item":"https:\/\/poggi.tesecom.net\/fr\/"},{"@type":"ListItem","position":2,"name":"Politique de confidentialit\u00e9"}]},{"@type":"WebSite","@id":"https:\/\/poggi.tesecom.net\/fr\/#website","url":"https:\/\/poggi.tesecom.net\/fr\/","name":"Poggi S.p.a. - Produttori di Silos dal 1945","description":"","publisher":{"@id":"https:\/\/poggi.tesecom.net\/fr\/#organization"},"potentialAction":[{"@type":"SearchAction","target":{"@type":"EntryPoint","urlTemplate":"https:\/\/poggi.tesecom.net\/fr\/?s={search_term_string}"},"query-input":{"@type":"PropertyValueSpecification","valueRequired":true,"valueName":"search_term_string"}}],"inLanguage":"fr-FR"},{"@type":"Organization","@id":"https:\/\/poggi.tesecom.net\/fr\/#organization","name":"Poggi S.p.a. - Produttori di Silos dal 1945","url":"https:\/\/poggi.tesecom.net\/fr\/","logo":{"@type":"ImageObject","inLanguage":"fr-FR","@id":"https:\/\/poggi.tesecom.net\/fr\/#\/schema\/logo\/image\/","url":"https:\/\/poggi.tesecom.net\/wp-content\/uploads\/2025\/10\/Logo_2025.webp","contentUrl":"https:\/\/poggi.tesecom.net\/wp-content\/uploads\/2025\/10\/Logo_2025.webp","width":1484,"height":494,"caption":"Poggi S.p.a. - Produttori di Silos dal 1945"},"image":{"@id":"https:\/\/poggi.tesecom.net\/fr\/#\/schema\/logo\/image\/"}}]}},"_links":{"self":[{"href":"https:\/\/poggi.tesecom.net\/fr\/wp-json\/wp\/v2\/pages\/127239","targetHints":{"allow":["GET"]}}],"collection":[{"href":"https:\/\/poggi.tesecom.net\/fr\/wp-json\/wp\/v2\/pages"}],"about":[{"href":"https:\/\/poggi.tesecom.net\/fr\/wp-json\/wp\/v2\/types\/page"}],"author":[{"embeddable":true,"href":"https:\/\/poggi.tesecom.net\/fr\/wp-json\/wp\/v2\/users\/2"}],"replies":[{"embeddable":true,"href":"https:\/\/poggi.tesecom.net\/fr\/wp-json\/wp\/v2\/comments?post=127239"}],"version-history":[{"count":7,"href":"https:\/\/poggi.tesecom.net\/fr\/wp-json\/wp\/v2\/pages\/127239\/revisions"}],"predecessor-version":[{"id":127265,"href":"https:\/\/poggi.tesecom.net\/fr\/wp-json\/wp\/v2\/pages\/127239\/revisions\/127265"}],"wp:attachment":[{"href":"https:\/\/poggi.tesecom.net\/fr\/wp-json\/wp\/v2\/media?parent=127239"}],"curies":[{"name":"wp","href":"https:\/\/api.w.org\/{rel}","templated":true}]}}