{"id":127225,"date":"2026-04-29T15:28:15","date_gmt":"2026-04-29T13:28:15","guid":{"rendered":"https:\/\/poggi.tesecom.net\/?page_id=127225"},"modified":"2026-04-29T15:28:15","modified_gmt":"2026-04-29T13:28:15","slug":"por-fesr-toscane-2014-2020","status":"publish","type":"page","link":"https:\/\/poggi.tesecom.net\/fr\/por-fesr-toscane-2014-2020\/","title":{"rendered":"POGGI S.p.A. \u2013 Projet cofinanc\u00e9 par le POR FESR Toscane 2014\u20132020"},"content":{"rendered":"<p><strong>POGGI S.P.A.<\/strong><br \/> <strong>Projet cofinanc\u00e9 par le POR FESR<\/strong><br \/> <strong>Toscane 2014\u20132020<\/strong><br \/> <strong>Action 3.1.1. \u2013 sous-action 3.1.1.a3<\/strong><\/p>\n<p><strong>UNION EUROP\u00c9ENNE<\/strong><\/p>\n<p>Avec le projet pr\u00e9sent\u00e9 dans le cadre de l\u2019appel Fondo Investimenti Toscana, cofinanc\u00e9 par l\u2019Union europ\u00e9enne, Poggi S.p.A. a poursuivi son processus de transformation, une \u00e9tape essentielle pour rester comp\u00e9titive et attractive sur le march\u00e9.<br \/> Le projet a impliqu\u00e9 un investissement de plus de 150 000 \u20ac pour l\u2019acquisition d\u2019une nouvelle installation de grenaillage. L\u2019installation comprend une cabine de grenaillage, des \u00e9quipements de finition et de s\u00e9curit\u00e9, un groupe de filtration, des syst\u00e8mes de raclage au sol, un syst\u00e8me de r\u00e9cup\u00e9ration et de r\u00e9g\u00e9n\u00e9ration de l\u2019abrasif, une sableuse, un tableau \u00e9lectrique et une pr\u00e9paration pour l\u2019Industrie 4.0.<br \/> L\u2019investissement dans l\u2019installation de grenaillage repr\u00e9sente un \u00e9l\u00e9ment important pour le d\u00e9partement de production de l\u2019entreprise. Gr\u00e2ce \u00e0 ce syst\u00e8me, les op\u00e9rateurs peuvent travailler efficacement sur une large gamme de pi\u00e8ces et de produits.<br \/> Les r\u00e9sultats obtenus ont confirm\u00e9 la pertinence de l\u2019investissement, avec une augmentation de la capacit\u00e9 de production de Poggi S.p.A. et le d\u00e9veloppement de nouvelles comp\u00e9tences parmi les employ\u00e9s, renfor\u00e7ant le savoir-faire de l\u2019entreprise.<\/p>\n","protected":false},"excerpt":{"rendered":"<p>POGGI S.P.A. Projet cofinanc\u00e9 par le POR FESR Toscane 2014\u20132020 Action 3.1.1. \u2013 sous-action 3.1.1.a3 UNION EUROP\u00c9ENNE Avec le projet pr\u00e9sent\u00e9 dans le cadre de l\u2019appel Fondo Investimenti Toscana, cofinanc\u00e9 par l\u2019Union europ\u00e9enne, Poggi S.p.A. a poursuivi son processus de transformation, une \u00e9tape essentielle pour rester comp\u00e9titive et attractive sur le march\u00e9. Le projet a [&hellip;]<\/p>\n","protected":false},"author":2,"featured_media":0,"parent":0,"menu_order":0,"comment_status":"closed","ping_status":"open","template":"","meta":{"_acf_changed":false,"footnotes":""},"class_list":["post-127225","page","type-page","status-publish","hentry"],"acf":[],"yoast_head":"<!-- This site is optimized with the Yoast SEO plugin v26.4 - https:\/\/yoast.com\/wordpress\/plugins\/seo\/ -->\n<title>POGGI S.p.A. \u2013 Projet cofinanc\u00e9 par le POR FESR Toscane 2014\u20132020 - Poggi S.p.a.<\/title>\n<meta name=\"robots\" content=\"noindex, follow, max-snippet:-1, max-image-preview:large, max-video-preview:-1\" \/>\n<meta property=\"og:locale\" content=\"fr_FR\" \/>\n<meta property=\"og:type\" content=\"article\" \/>\n<meta property=\"og:title\" content=\"POGGI S.p.A. \u2013 Projet cofinanc\u00e9 par le POR FESR Toscane 2014\u20132020 - Poggi S.p.a.\" \/>\n<meta property=\"og:description\" content=\"POGGI S.P.A. Projet cofinanc\u00e9 par le POR FESR Toscane 2014\u20132020 Action 3.1.1. \u2013 sous-action 3.1.1.a3 UNION EUROP\u00c9ENNE Avec le projet pr\u00e9sent\u00e9 dans le cadre de l\u2019appel Fondo Investimenti Toscana, cofinanc\u00e9 par l\u2019Union europ\u00e9enne, Poggi S.p.A. a poursuivi son processus de transformation, une \u00e9tape essentielle pour rester comp\u00e9titive et attractive sur le march\u00e9. Le projet a [&hellip;]\" \/>\n<meta property=\"og:url\" content=\"https:\/\/poggi.tesecom.net\/fr\/por-fesr-toscane-2014-2020\/\" \/>\n<meta property=\"og:site_name\" content=\"Poggi S.p.a.\" \/>\n<meta name=\"twitter:card\" content=\"summary_large_image\" \/>\n<meta name=\"twitter:label1\" content=\"Dur\u00e9e de lecture estim\u00e9e\" \/>\n\t<meta name=\"twitter:data1\" content=\"1 minute\" \/>\n<script type=\"application\/ld+json\" class=\"yoast-schema-graph\">{\"@context\":\"https:\/\/schema.org\",\"@graph\":[{\"@type\":\"WebPage\",\"@id\":\"https:\/\/poggi.tesecom.net\/fr\/por-fesr-toscane-2014-2020\/\",\"url\":\"https:\/\/poggi.tesecom.net\/fr\/por-fesr-toscane-2014-2020\/\",\"name\":\"POGGI S.p.A. \u2013 Projet cofinanc\u00e9 par le POR FESR Toscane 2014\u20132020 - Poggi S.p.a.\",\"isPartOf\":{\"@id\":\"https:\/\/poggi.tesecom.net\/fr\/#website\"},\"datePublished\":\"2026-04-29T13:28:15+00:00\",\"breadcrumb\":{\"@id\":\"https:\/\/poggi.tesecom.net\/fr\/por-fesr-toscane-2014-2020\/#breadcrumb\"},\"inLanguage\":\"fr-FR\",\"potentialAction\":[{\"@type\":\"ReadAction\",\"target\":[\"https:\/\/poggi.tesecom.net\/fr\/por-fesr-toscane-2014-2020\/\"]}]},{\"@type\":\"BreadcrumbList\",\"@id\":\"https:\/\/poggi.tesecom.net\/fr\/por-fesr-toscane-2014-2020\/#breadcrumb\",\"itemListElement\":[{\"@type\":\"ListItem\",\"position\":1,\"name\":\"Home\",\"item\":\"https:\/\/poggi.tesecom.net\/fr\/\"},{\"@type\":\"ListItem\",\"position\":2,\"name\":\"POGGI S.p.A. \u2013 Projet cofinanc\u00e9 par le POR FESR Toscane 2014\u20132020\"}]},{\"@type\":\"WebSite\",\"@id\":\"https:\/\/poggi.tesecom.net\/fr\/#website\",\"url\":\"https:\/\/poggi.tesecom.net\/fr\/\",\"name\":\"Poggi S.p.a. - Produttori di Silos dal 1945\",\"description\":\"\",\"publisher\":{\"@id\":\"https:\/\/poggi.tesecom.net\/fr\/#organization\"},\"potentialAction\":[{\"@type\":\"SearchAction\",\"target\":{\"@type\":\"EntryPoint\",\"urlTemplate\":\"https:\/\/poggi.tesecom.net\/fr\/?s={search_term_string}\"},\"query-input\":{\"@type\":\"PropertyValueSpecification\",\"valueRequired\":true,\"valueName\":\"search_term_string\"}}],\"inLanguage\":\"fr-FR\"},{\"@type\":\"Organization\",\"@id\":\"https:\/\/poggi.tesecom.net\/fr\/#organization\",\"name\":\"Poggi S.p.a. - Produttori di Silos dal 1945\",\"url\":\"https:\/\/poggi.tesecom.net\/fr\/\",\"logo\":{\"@type\":\"ImageObject\",\"inLanguage\":\"fr-FR\",\"@id\":\"https:\/\/poggi.tesecom.net\/fr\/#\/schema\/logo\/image\/\",\"url\":\"https:\/\/poggi.tesecom.net\/wp-content\/uploads\/2025\/10\/Logo_2025.webp\",\"contentUrl\":\"https:\/\/poggi.tesecom.net\/wp-content\/uploads\/2025\/10\/Logo_2025.webp\",\"width\":1484,\"height\":494,\"caption\":\"Poggi S.p.a. - Produttori di Silos dal 1945\"},\"image\":{\"@id\":\"https:\/\/poggi.tesecom.net\/fr\/#\/schema\/logo\/image\/\"}}]}<\/script>\n<!-- \/ Yoast SEO plugin. -->","yoast_head_json":{"title":"POGGI S.p.A. \u2013 Projet cofinanc\u00e9 par le POR FESR Toscane 2014\u20132020 - Poggi S.p.a.","robots":{"index":"noindex","follow":"follow","max-snippet":"max-snippet:-1","max-image-preview":"max-image-preview:large","max-video-preview":"max-video-preview:-1"},"og_locale":"fr_FR","og_type":"article","og_title":"POGGI S.p.A. \u2013 Projet cofinanc\u00e9 par le POR FESR Toscane 2014\u20132020 - Poggi S.p.a.","og_description":"POGGI S.P.A. Projet cofinanc\u00e9 par le POR FESR Toscane 2014\u20132020 Action 3.1.1. \u2013 sous-action 3.1.1.a3 UNION EUROP\u00c9ENNE Avec le projet pr\u00e9sent\u00e9 dans le cadre de l\u2019appel Fondo Investimenti Toscana, cofinanc\u00e9 par l\u2019Union europ\u00e9enne, Poggi S.p.A. a poursuivi son processus de transformation, une \u00e9tape essentielle pour rester comp\u00e9titive et attractive sur le march\u00e9. Le projet a [&hellip;]","og_url":"https:\/\/poggi.tesecom.net\/fr\/por-fesr-toscane-2014-2020\/","og_site_name":"Poggi S.p.a.","twitter_card":"summary_large_image","twitter_misc":{"Dur\u00e9e de lecture estim\u00e9e":"1 minute"},"schema":{"@context":"https:\/\/schema.org","@graph":[{"@type":"WebPage","@id":"https:\/\/poggi.tesecom.net\/fr\/por-fesr-toscane-2014-2020\/","url":"https:\/\/poggi.tesecom.net\/fr\/por-fesr-toscane-2014-2020\/","name":"POGGI S.p.A. \u2013 Projet cofinanc\u00e9 par le POR FESR Toscane 2014\u20132020 - Poggi S.p.a.","isPartOf":{"@id":"https:\/\/poggi.tesecom.net\/fr\/#website"},"datePublished":"2026-04-29T13:28:15+00:00","breadcrumb":{"@id":"https:\/\/poggi.tesecom.net\/fr\/por-fesr-toscane-2014-2020\/#breadcrumb"},"inLanguage":"fr-FR","potentialAction":[{"@type":"ReadAction","target":["https:\/\/poggi.tesecom.net\/fr\/por-fesr-toscane-2014-2020\/"]}]},{"@type":"BreadcrumbList","@id":"https:\/\/poggi.tesecom.net\/fr\/por-fesr-toscane-2014-2020\/#breadcrumb","itemListElement":[{"@type":"ListItem","position":1,"name":"Home","item":"https:\/\/poggi.tesecom.net\/fr\/"},{"@type":"ListItem","position":2,"name":"POGGI S.p.A. \u2013 Projet cofinanc\u00e9 par le POR FESR Toscane 2014\u20132020"}]},{"@type":"WebSite","@id":"https:\/\/poggi.tesecom.net\/fr\/#website","url":"https:\/\/poggi.tesecom.net\/fr\/","name":"Poggi S.p.a. - Produttori di Silos dal 1945","description":"","publisher":{"@id":"https:\/\/poggi.tesecom.net\/fr\/#organization"},"potentialAction":[{"@type":"SearchAction","target":{"@type":"EntryPoint","urlTemplate":"https:\/\/poggi.tesecom.net\/fr\/?s={search_term_string}"},"query-input":{"@type":"PropertyValueSpecification","valueRequired":true,"valueName":"search_term_string"}}],"inLanguage":"fr-FR"},{"@type":"Organization","@id":"https:\/\/poggi.tesecom.net\/fr\/#organization","name":"Poggi S.p.a. - Produttori di Silos dal 1945","url":"https:\/\/poggi.tesecom.net\/fr\/","logo":{"@type":"ImageObject","inLanguage":"fr-FR","@id":"https:\/\/poggi.tesecom.net\/fr\/#\/schema\/logo\/image\/","url":"https:\/\/poggi.tesecom.net\/wp-content\/uploads\/2025\/10\/Logo_2025.webp","contentUrl":"https:\/\/poggi.tesecom.net\/wp-content\/uploads\/2025\/10\/Logo_2025.webp","width":1484,"height":494,"caption":"Poggi S.p.a. - Produttori di Silos dal 1945"},"image":{"@id":"https:\/\/poggi.tesecom.net\/fr\/#\/schema\/logo\/image\/"}}]}},"_links":{"self":[{"href":"https:\/\/poggi.tesecom.net\/fr\/wp-json\/wp\/v2\/pages\/127225","targetHints":{"allow":["GET"]}}],"collection":[{"href":"https:\/\/poggi.tesecom.net\/fr\/wp-json\/wp\/v2\/pages"}],"about":[{"href":"https:\/\/poggi.tesecom.net\/fr\/wp-json\/wp\/v2\/types\/page"}],"author":[{"embeddable":true,"href":"https:\/\/poggi.tesecom.net\/fr\/wp-json\/wp\/v2\/users\/2"}],"replies":[{"embeddable":true,"href":"https:\/\/poggi.tesecom.net\/fr\/wp-json\/wp\/v2\/comments?post=127225"}],"version-history":[{"count":2,"href":"https:\/\/poggi.tesecom.net\/fr\/wp-json\/wp\/v2\/pages\/127225\/revisions"}],"predecessor-version":[{"id":127234,"href":"https:\/\/poggi.tesecom.net\/fr\/wp-json\/wp\/v2\/pages\/127225\/revisions\/127234"}],"wp:attachment":[{"href":"https:\/\/poggi.tesecom.net\/fr\/wp-json\/wp\/v2\/media?parent=127225"}],"curies":[{"name":"wp","href":"https:\/\/api.w.org\/{rel}","templated":true}]}}