{"id":127241,"date":"2026-04-29T15:29:42","date_gmt":"2026-04-29T13:29:42","guid":{"rendered":"https:\/\/poggi.tesecom.net\/?page_id=127241"},"modified":"2026-04-29T15:39:59","modified_gmt":"2026-04-29T13:39:59","slug":"politica-de-privacidad","status":"publish","type":"page","link":"https:\/\/poggi.tesecom.net\/es\/politica-de-privacidad\/","title":{"rendered":"Pol\u00edtica de privacidad"},"content":{"rendered":"\r\n<h2 class=\"wp-block-heading\">Informaci\u00f3n conforme al Art. 13 del Reglamento (UE) n.\u00ba 679\/2016 (\u201cGDPR\u201d)<\/h2>\r\n<p>El abajo firmante (sociedad\/entidad\/empresa individual\/asociaci\u00f3n\/profesional aut\u00f3nomo) protege la confidencialidad de los datos personales y garantiza la protecci\u00f3n necesaria frente a cualquier evento que pueda ponerlos en riesgo de vulneraci\u00f3n.<br \/>De conformidad con lo dispuesto en el Reglamento (UE) n.\u00ba 679\/2016 (\u201cGDPR\u201d), y en particular en su art. 13, se facilita a continuaci\u00f3n al usuario (\u201cInteresado\u201d) la informaci\u00f3n relativa al tratamiento de sus datos personales.<br \/>La presente informaci\u00f3n (\u201cInformaci\u00f3n\u201d), redactada sobre la base del principio de transparencia y de todos los elementos requeridos por el GDPR, se articula en secciones individuales, cada una de las cuales trata un tema espec\u00edfico para hacer la lectura m\u00e1s r\u00e1pida, sencilla y comprensible.<\/p>\r\n<h3>SECCI\u00d3N I<\/h3>\r\n<p><b>Qui\u00e9nes somos y qu\u00e9 datos tratamos [Art. 13, apdo. 1, letra a); Art. 15, letra b) GDPR]<\/b><br \/>El tratamiento de los datos personales del Interesado es realizado por POGGI S.p.A., en la persona de su representante legal pro tempore, con domicilio en Chiusi della Verna (AR), Via XXV Aprile, 19 Loc. Corsalone, que en calidad de Responsable del tratamiento (\u201cResponsable\u201d), contactable en poggi@pec.poggi-spa.com, recoge y\/o recibe informaci\u00f3n relativa al Interesado, como:<\/p>\r\n<table class=\"pritab\">\r\n<thead>\r\n<tr>\r\n<th>Categor\u00eda de datos<\/th>\r\n<th>Ejemplos de tipos de datos<\/th>\r\n<\/tr>\r\n<\/thead>\r\n<tbody>\r\n<tr>\r\n<td>Datos personales<\/td>\r\n<td>nombre, apellidos, direcci\u00f3n f\u00edsica, nacionalidad, provincia y municipio de residencia, tel\u00e9fono fijo y\/o m\u00f3vil, fax, c\u00f3digo fiscal\/NIF, direcci\u00f3n(es) de correo electr\u00f3nico, copia del documento de identidad<\/td>\r\n<\/tr>\r\n<tr>\r\n<td>Datos bancarios<\/td>\r\n<td>IBAN y datos bancarios\/postales (excepto n\u00famero de tarjeta de cr\u00e9dito)<\/td>\r\n<\/tr>\r\n<tr>\r\n<td>Datos de tr\u00e1fico telem\u00e1tico<\/td>\r\n<td>Log, direcci\u00f3n IP de origen<\/td>\r\n<\/tr>\r\n<\/tbody>\r\n<\/table>\r\n<p>No se solicita al Interesado proporcionar datos denominados \u201cespeciales\u201d, es decir, seg\u00fan el art. 9 del GDPR, datos personales que revelen origen racial o \u00e9tnico, opiniones pol\u00edticas, convicciones religiosas o filos\u00f3ficas, afiliaci\u00f3n sindical, as\u00ed como datos gen\u00e9ticos, biom\u00e9tricos destinados a identificar de manera \u00fanica a una persona f\u00edsica, datos relativos a la salud o a la vida u orientaci\u00f3n sexual. En caso de que el servicio requerido implique el tratamiento de dichos datos (v\u00e9ase la Secci\u00f3n IV), el Interesado recibir\u00e1 previamente informaci\u00f3n espec\u00edfica y deber\u00e1 prestar su consentimiento.<\/p>\r\n","protected":false},"excerpt":{"rendered":"<p>Informaci\u00f3n conforme al Art. 13 del Reglamento (UE) n.\u00ba 679\/2016 (\u201cGDPR\u201d) El abajo firmante (sociedad\/entidad\/empresa individual\/asociaci\u00f3n\/profesional aut\u00f3nomo) protege la confidencialidad de los datos personales y garantiza la protecci\u00f3n necesaria frente a cualquier evento que pueda ponerlos en riesgo de vulneraci\u00f3n.De conformidad con lo dispuesto en el Reglamento (UE) n.\u00ba 679\/2016 (\u201cGDPR\u201d), y en particular en [&hellip;]<\/p>\n","protected":false},"author":2,"featured_media":0,"parent":0,"menu_order":0,"comment_status":"closed","ping_status":"open","template":"","meta":{"_acf_changed":false,"footnotes":""},"class_list":["post-127241","page","type-page","status-publish","hentry"],"acf":[],"yoast_head":"<!-- This site is optimized with the Yoast SEO plugin v26.4 - https:\/\/yoast.com\/wordpress\/plugins\/seo\/ -->\n<title>Pol\u00edtica de privacidad - Poggi S.p.a.<\/title>\n<meta name=\"robots\" content=\"noindex, follow, max-snippet:-1, max-image-preview:large, max-video-preview:-1\" \/>\n<meta property=\"og:locale\" content=\"es_ES\" \/>\n<meta property=\"og:type\" content=\"article\" \/>\n<meta property=\"og:title\" content=\"Pol\u00edtica de privacidad - Poggi S.p.a.\" \/>\n<meta property=\"og:description\" content=\"Informaci\u00f3n conforme al Art. 13 del Reglamento (UE) n.\u00ba 679\/2016 (\u201cGDPR\u201d) El abajo firmante (sociedad\/entidad\/empresa individual\/asociaci\u00f3n\/profesional aut\u00f3nomo) protege la confidencialidad de los datos personales y garantiza la protecci\u00f3n necesaria frente a cualquier evento que pueda ponerlos en riesgo de vulneraci\u00f3n.De conformidad con lo dispuesto en el Reglamento (UE) n.\u00ba 679\/2016 (\u201cGDPR\u201d), y en particular en [&hellip;]\" \/>\n<meta property=\"og:url\" content=\"https:\/\/poggi.tesecom.net\/es\/politica-de-privacidad\/\" \/>\n<meta property=\"og:site_name\" content=\"Poggi S.p.a.\" \/>\n<meta property=\"article:modified_time\" content=\"2026-04-29T13:39:59+00:00\" \/>\n<meta name=\"twitter:card\" content=\"summary_large_image\" \/>\n<meta name=\"twitter:label1\" content=\"Tiempo de lectura\" \/>\n\t<meta name=\"twitter:data1\" content=\"2 minutos\" \/>\n<script type=\"application\/ld+json\" class=\"yoast-schema-graph\">{\"@context\":\"https:\/\/schema.org\",\"@graph\":[{\"@type\":\"WebPage\",\"@id\":\"https:\/\/poggi.tesecom.net\/es\/politica-de-privacidad\/\",\"url\":\"https:\/\/poggi.tesecom.net\/es\/politica-de-privacidad\/\",\"name\":\"Pol\u00edtica de privacidad - Poggi S.p.a.\",\"isPartOf\":{\"@id\":\"https:\/\/poggi.tesecom.net\/es\/#website\"},\"datePublished\":\"2026-04-29T13:29:42+00:00\",\"dateModified\":\"2026-04-29T13:39:59+00:00\",\"breadcrumb\":{\"@id\":\"https:\/\/poggi.tesecom.net\/es\/politica-de-privacidad\/#breadcrumb\"},\"inLanguage\":\"es\",\"potentialAction\":[{\"@type\":\"ReadAction\",\"target\":[\"https:\/\/poggi.tesecom.net\/es\/politica-de-privacidad\/\"]}]},{\"@type\":\"BreadcrumbList\",\"@id\":\"https:\/\/poggi.tesecom.net\/es\/politica-de-privacidad\/#breadcrumb\",\"itemListElement\":[{\"@type\":\"ListItem\",\"position\":1,\"name\":\"Home\",\"item\":\"https:\/\/poggi.tesecom.net\/es\/\"},{\"@type\":\"ListItem\",\"position\":2,\"name\":\"Pol\u00edtica de privacidad\"}]},{\"@type\":\"WebSite\",\"@id\":\"https:\/\/poggi.tesecom.net\/es\/#website\",\"url\":\"https:\/\/poggi.tesecom.net\/es\/\",\"name\":\"Poggi S.p.a. - Produttori di Silos dal 1945\",\"description\":\"\",\"publisher\":{\"@id\":\"https:\/\/poggi.tesecom.net\/es\/#organization\"},\"potentialAction\":[{\"@type\":\"SearchAction\",\"target\":{\"@type\":\"EntryPoint\",\"urlTemplate\":\"https:\/\/poggi.tesecom.net\/es\/?s={search_term_string}\"},\"query-input\":{\"@type\":\"PropertyValueSpecification\",\"valueRequired\":true,\"valueName\":\"search_term_string\"}}],\"inLanguage\":\"es\"},{\"@type\":\"Organization\",\"@id\":\"https:\/\/poggi.tesecom.net\/es\/#organization\",\"name\":\"Poggi S.p.a. - Produttori di Silos dal 1945\",\"url\":\"https:\/\/poggi.tesecom.net\/es\/\",\"logo\":{\"@type\":\"ImageObject\",\"inLanguage\":\"es\",\"@id\":\"https:\/\/poggi.tesecom.net\/es\/#\/schema\/logo\/image\/\",\"url\":\"https:\/\/poggi.tesecom.net\/wp-content\/uploads\/2025\/10\/Logo_2025.webp\",\"contentUrl\":\"https:\/\/poggi.tesecom.net\/wp-content\/uploads\/2025\/10\/Logo_2025.webp\",\"width\":1484,\"height\":494,\"caption\":\"Poggi S.p.a. - Produttori di Silos dal 1945\"},\"image\":{\"@id\":\"https:\/\/poggi.tesecom.net\/es\/#\/schema\/logo\/image\/\"}}]}<\/script>\n<!-- \/ Yoast SEO plugin. -->","yoast_head_json":{"title":"Pol\u00edtica de privacidad - Poggi S.p.a.","robots":{"index":"noindex","follow":"follow","max-snippet":"max-snippet:-1","max-image-preview":"max-image-preview:large","max-video-preview":"max-video-preview:-1"},"og_locale":"es_ES","og_type":"article","og_title":"Pol\u00edtica de privacidad - Poggi S.p.a.","og_description":"Informaci\u00f3n conforme al Art. 13 del Reglamento (UE) n.\u00ba 679\/2016 (\u201cGDPR\u201d) El abajo firmante (sociedad\/entidad\/empresa individual\/asociaci\u00f3n\/profesional aut\u00f3nomo) protege la confidencialidad de los datos personales y garantiza la protecci\u00f3n necesaria frente a cualquier evento que pueda ponerlos en riesgo de vulneraci\u00f3n.De conformidad con lo dispuesto en el Reglamento (UE) n.\u00ba 679\/2016 (\u201cGDPR\u201d), y en particular en [&hellip;]","og_url":"https:\/\/poggi.tesecom.net\/es\/politica-de-privacidad\/","og_site_name":"Poggi S.p.a.","article_modified_time":"2026-04-29T13:39:59+00:00","twitter_card":"summary_large_image","twitter_misc":{"Tiempo de lectura":"2 minutos"},"schema":{"@context":"https:\/\/schema.org","@graph":[{"@type":"WebPage","@id":"https:\/\/poggi.tesecom.net\/es\/politica-de-privacidad\/","url":"https:\/\/poggi.tesecom.net\/es\/politica-de-privacidad\/","name":"Pol\u00edtica de privacidad - Poggi S.p.a.","isPartOf":{"@id":"https:\/\/poggi.tesecom.net\/es\/#website"},"datePublished":"2026-04-29T13:29:42+00:00","dateModified":"2026-04-29T13:39:59+00:00","breadcrumb":{"@id":"https:\/\/poggi.tesecom.net\/es\/politica-de-privacidad\/#breadcrumb"},"inLanguage":"es","potentialAction":[{"@type":"ReadAction","target":["https:\/\/poggi.tesecom.net\/es\/politica-de-privacidad\/"]}]},{"@type":"BreadcrumbList","@id":"https:\/\/poggi.tesecom.net\/es\/politica-de-privacidad\/#breadcrumb","itemListElement":[{"@type":"ListItem","position":1,"name":"Home","item":"https:\/\/poggi.tesecom.net\/es\/"},{"@type":"ListItem","position":2,"name":"Pol\u00edtica de privacidad"}]},{"@type":"WebSite","@id":"https:\/\/poggi.tesecom.net\/es\/#website","url":"https:\/\/poggi.tesecom.net\/es\/","name":"Poggi S.p.a. - Produttori di Silos dal 1945","description":"","publisher":{"@id":"https:\/\/poggi.tesecom.net\/es\/#organization"},"potentialAction":[{"@type":"SearchAction","target":{"@type":"EntryPoint","urlTemplate":"https:\/\/poggi.tesecom.net\/es\/?s={search_term_string}"},"query-input":{"@type":"PropertyValueSpecification","valueRequired":true,"valueName":"search_term_string"}}],"inLanguage":"es"},{"@type":"Organization","@id":"https:\/\/poggi.tesecom.net\/es\/#organization","name":"Poggi S.p.a. - Produttori di Silos dal 1945","url":"https:\/\/poggi.tesecom.net\/es\/","logo":{"@type":"ImageObject","inLanguage":"es","@id":"https:\/\/poggi.tesecom.net\/es\/#\/schema\/logo\/image\/","url":"https:\/\/poggi.tesecom.net\/wp-content\/uploads\/2025\/10\/Logo_2025.webp","contentUrl":"https:\/\/poggi.tesecom.net\/wp-content\/uploads\/2025\/10\/Logo_2025.webp","width":1484,"height":494,"caption":"Poggi S.p.a. - Produttori di Silos dal 1945"},"image":{"@id":"https:\/\/poggi.tesecom.net\/es\/#\/schema\/logo\/image\/"}}]}},"_links":{"self":[{"href":"https:\/\/poggi.tesecom.net\/es\/wp-json\/wp\/v2\/pages\/127241","targetHints":{"allow":["GET"]}}],"collection":[{"href":"https:\/\/poggi.tesecom.net\/es\/wp-json\/wp\/v2\/pages"}],"about":[{"href":"https:\/\/poggi.tesecom.net\/es\/wp-json\/wp\/v2\/types\/page"}],"author":[{"embeddable":true,"href":"https:\/\/poggi.tesecom.net\/es\/wp-json\/wp\/v2\/users\/2"}],"replies":[{"embeddable":true,"href":"https:\/\/poggi.tesecom.net\/es\/wp-json\/wp\/v2\/comments?post=127241"}],"version-history":[{"count":6,"href":"https:\/\/poggi.tesecom.net\/es\/wp-json\/wp\/v2\/pages\/127241\/revisions"}],"predecessor-version":[{"id":127266,"href":"https:\/\/poggi.tesecom.net\/es\/wp-json\/wp\/v2\/pages\/127241\/revisions\/127266"}],"wp:attachment":[{"href":"https:\/\/poggi.tesecom.net\/es\/wp-json\/wp\/v2\/media?parent=127241"}],"curies":[{"name":"wp","href":"https:\/\/api.w.org\/{rel}","templated":true}]}}