{"id":127227,"date":"2026-04-29T15:28:15","date_gmt":"2026-04-29T13:28:15","guid":{"rendered":"https:\/\/poggi.tesecom.net\/?page_id=127227"},"modified":"2026-04-29T15:28:15","modified_gmt":"2026-04-29T13:28:15","slug":"or-fesr-toscana-2014-2020","status":"publish","type":"page","link":"https:\/\/poggi.tesecom.net\/es\/or-fesr-toscana-2014-2020\/","title":{"rendered":"POGGI S.p.A. \u2013 Proyecto cofinanciado por el POR FESR Toscana 2014\u20132020"},"content":{"rendered":"<p><strong>POGGI S.P.A.<\/strong><br \/> <strong>Proyecto cofinanciado por el POR FESR<\/strong><br \/> <strong>Toscana 2014\u20132020<\/strong><br \/> <strong>Acci\u00f3n 3.1.1. \u2013 subacci\u00f3n 3.1.1.a3<\/strong><\/p>\n<p><strong>UNI\u00d3N EUROPEA<\/strong><\/p>\n<p>Con el proyecto presentado en el marco de la convocatoria Fondo Investimenti Toscana, cofinanciado por la Uni\u00f3n Europea, Poggi S.p.A. ha continuado su proceso de transformaci\u00f3n empresarial, un paso clave para mantenerse competitiva y atractiva en el mercado.<br \/> El proyecto ha supuesto una inversi\u00f3n de m\u00e1s de 150.000 \u20ac con la adquisici\u00f3n de un nuevo sistema de granallado. El sistema incluye cabina de granallado, acabados y sistemas de seguridad, grupo de filtrado, sistemas de raspado de suelo, sistema de recuperaci\u00f3n y regeneraci\u00f3n de abrasivo, m\u00e1quina de arenado, cuadro el\u00e9ctrico y preparaci\u00f3n para Industria 4.0.<br \/> La inversi\u00f3n en el sistema de granallado representa un elemento importante para el departamento productivo de la empresa. Gracias a este sistema, los operarios pueden trabajar eficazmente sobre una amplia variedad de piezas y componentes.<br \/> Los resultados obtenidos han confirmado la validez de la inversi\u00f3n, con el aumento de la capacidad productiva de Poggi S.p.A. y el desarrollo de nuevas competencias entre el personal, reforzando el know-how empresarial.<\/p>\n","protected":false},"excerpt":{"rendered":"<p>POGGI S.P.A. Proyecto cofinanciado por el POR FESR Toscana 2014\u20132020 Acci\u00f3n 3.1.1. \u2013 subacci\u00f3n 3.1.1.a3 UNI\u00d3N EUROPEA Con el proyecto presentado en el marco de la convocatoria Fondo Investimenti Toscana, cofinanciado por la Uni\u00f3n Europea, Poggi S.p.A. ha continuado su proceso de transformaci\u00f3n empresarial, un paso clave para mantenerse competitiva y atractiva en el mercado. [&hellip;]<\/p>\n","protected":false},"author":2,"featured_media":0,"parent":0,"menu_order":0,"comment_status":"closed","ping_status":"open","template":"","meta":{"_acf_changed":false,"footnotes":""},"class_list":["post-127227","page","type-page","status-publish","hentry"],"acf":[],"yoast_head":"<!-- This site is optimized with the Yoast SEO plugin v26.4 - https:\/\/yoast.com\/wordpress\/plugins\/seo\/ -->\n<title>POGGI S.p.A. \u2013 Proyecto cofinanciado por el POR FESR Toscana 2014\u20132020 - Poggi S.p.a.<\/title>\n<meta name=\"robots\" content=\"noindex, follow, max-snippet:-1, max-image-preview:large, max-video-preview:-1\" \/>\n<meta property=\"og:locale\" content=\"es_ES\" \/>\n<meta property=\"og:type\" content=\"article\" \/>\n<meta property=\"og:title\" content=\"POGGI S.p.A. \u2013 Proyecto cofinanciado por el POR FESR Toscana 2014\u20132020 - Poggi S.p.a.\" \/>\n<meta property=\"og:description\" content=\"POGGI S.P.A. Proyecto cofinanciado por el POR FESR Toscana 2014\u20132020 Acci\u00f3n 3.1.1. \u2013 subacci\u00f3n 3.1.1.a3 UNI\u00d3N EUROPEA Con el proyecto presentado en el marco de la convocatoria Fondo Investimenti Toscana, cofinanciado por la Uni\u00f3n Europea, Poggi S.p.A. ha continuado su proceso de transformaci\u00f3n empresarial, un paso clave para mantenerse competitiva y atractiva en el mercado. [&hellip;]\" \/>\n<meta property=\"og:url\" content=\"https:\/\/poggi.tesecom.net\/es\/or-fesr-toscana-2014-2020\/\" \/>\n<meta property=\"og:site_name\" content=\"Poggi S.p.a.\" \/>\n<meta name=\"twitter:card\" content=\"summary_large_image\" \/>\n<meta name=\"twitter:label1\" content=\"Tiempo de lectura\" \/>\n\t<meta name=\"twitter:data1\" content=\"1 minuto\" \/>\n<script type=\"application\/ld+json\" class=\"yoast-schema-graph\">{\"@context\":\"https:\/\/schema.org\",\"@graph\":[{\"@type\":\"WebPage\",\"@id\":\"https:\/\/poggi.tesecom.net\/es\/or-fesr-toscana-2014-2020\/\",\"url\":\"https:\/\/poggi.tesecom.net\/es\/or-fesr-toscana-2014-2020\/\",\"name\":\"POGGI S.p.A. \u2013 Proyecto cofinanciado por el POR FESR Toscana 2014\u20132020 - Poggi S.p.a.\",\"isPartOf\":{\"@id\":\"https:\/\/poggi.tesecom.net\/es\/#website\"},\"datePublished\":\"2026-04-29T13:28:15+00:00\",\"breadcrumb\":{\"@id\":\"https:\/\/poggi.tesecom.net\/es\/or-fesr-toscana-2014-2020\/#breadcrumb\"},\"inLanguage\":\"es\",\"potentialAction\":[{\"@type\":\"ReadAction\",\"target\":[\"https:\/\/poggi.tesecom.net\/es\/or-fesr-toscana-2014-2020\/\"]}]},{\"@type\":\"BreadcrumbList\",\"@id\":\"https:\/\/poggi.tesecom.net\/es\/or-fesr-toscana-2014-2020\/#breadcrumb\",\"itemListElement\":[{\"@type\":\"ListItem\",\"position\":1,\"name\":\"Home\",\"item\":\"https:\/\/poggi.tesecom.net\/es\/\"},{\"@type\":\"ListItem\",\"position\":2,\"name\":\"POGGI S.p.A. \u2013 Proyecto cofinanciado por el POR FESR Toscana 2014\u20132020\"}]},{\"@type\":\"WebSite\",\"@id\":\"https:\/\/poggi.tesecom.net\/es\/#website\",\"url\":\"https:\/\/poggi.tesecom.net\/es\/\",\"name\":\"Poggi S.p.a. - Produttori di Silos dal 1945\",\"description\":\"\",\"publisher\":{\"@id\":\"https:\/\/poggi.tesecom.net\/es\/#organization\"},\"potentialAction\":[{\"@type\":\"SearchAction\",\"target\":{\"@type\":\"EntryPoint\",\"urlTemplate\":\"https:\/\/poggi.tesecom.net\/es\/?s={search_term_string}\"},\"query-input\":{\"@type\":\"PropertyValueSpecification\",\"valueRequired\":true,\"valueName\":\"search_term_string\"}}],\"inLanguage\":\"es\"},{\"@type\":\"Organization\",\"@id\":\"https:\/\/poggi.tesecom.net\/es\/#organization\",\"name\":\"Poggi S.p.a. - Produttori di Silos dal 1945\",\"url\":\"https:\/\/poggi.tesecom.net\/es\/\",\"logo\":{\"@type\":\"ImageObject\",\"inLanguage\":\"es\",\"@id\":\"https:\/\/poggi.tesecom.net\/es\/#\/schema\/logo\/image\/\",\"url\":\"https:\/\/poggi.tesecom.net\/wp-content\/uploads\/2025\/10\/Logo_2025.webp\",\"contentUrl\":\"https:\/\/poggi.tesecom.net\/wp-content\/uploads\/2025\/10\/Logo_2025.webp\",\"width\":1484,\"height\":494,\"caption\":\"Poggi S.p.a. - Produttori di Silos dal 1945\"},\"image\":{\"@id\":\"https:\/\/poggi.tesecom.net\/es\/#\/schema\/logo\/image\/\"}}]}<\/script>\n<!-- \/ Yoast SEO plugin. -->","yoast_head_json":{"title":"POGGI S.p.A. \u2013 Proyecto cofinanciado por el POR FESR Toscana 2014\u20132020 - Poggi S.p.a.","robots":{"index":"noindex","follow":"follow","max-snippet":"max-snippet:-1","max-image-preview":"max-image-preview:large","max-video-preview":"max-video-preview:-1"},"og_locale":"es_ES","og_type":"article","og_title":"POGGI S.p.A. \u2013 Proyecto cofinanciado por el POR FESR Toscana 2014\u20132020 - Poggi S.p.a.","og_description":"POGGI S.P.A. Proyecto cofinanciado por el POR FESR Toscana 2014\u20132020 Acci\u00f3n 3.1.1. \u2013 subacci\u00f3n 3.1.1.a3 UNI\u00d3N EUROPEA Con el proyecto presentado en el marco de la convocatoria Fondo Investimenti Toscana, cofinanciado por la Uni\u00f3n Europea, Poggi S.p.A. ha continuado su proceso de transformaci\u00f3n empresarial, un paso clave para mantenerse competitiva y atractiva en el mercado. [&hellip;]","og_url":"https:\/\/poggi.tesecom.net\/es\/or-fesr-toscana-2014-2020\/","og_site_name":"Poggi S.p.a.","twitter_card":"summary_large_image","twitter_misc":{"Tiempo de lectura":"1 minuto"},"schema":{"@context":"https:\/\/schema.org","@graph":[{"@type":"WebPage","@id":"https:\/\/poggi.tesecom.net\/es\/or-fesr-toscana-2014-2020\/","url":"https:\/\/poggi.tesecom.net\/es\/or-fesr-toscana-2014-2020\/","name":"POGGI S.p.A. \u2013 Proyecto cofinanciado por el POR FESR Toscana 2014\u20132020 - Poggi S.p.a.","isPartOf":{"@id":"https:\/\/poggi.tesecom.net\/es\/#website"},"datePublished":"2026-04-29T13:28:15+00:00","breadcrumb":{"@id":"https:\/\/poggi.tesecom.net\/es\/or-fesr-toscana-2014-2020\/#breadcrumb"},"inLanguage":"es","potentialAction":[{"@type":"ReadAction","target":["https:\/\/poggi.tesecom.net\/es\/or-fesr-toscana-2014-2020\/"]}]},{"@type":"BreadcrumbList","@id":"https:\/\/poggi.tesecom.net\/es\/or-fesr-toscana-2014-2020\/#breadcrumb","itemListElement":[{"@type":"ListItem","position":1,"name":"Home","item":"https:\/\/poggi.tesecom.net\/es\/"},{"@type":"ListItem","position":2,"name":"POGGI S.p.A. \u2013 Proyecto cofinanciado por el POR FESR Toscana 2014\u20132020"}]},{"@type":"WebSite","@id":"https:\/\/poggi.tesecom.net\/es\/#website","url":"https:\/\/poggi.tesecom.net\/es\/","name":"Poggi S.p.a. - Produttori di Silos dal 1945","description":"","publisher":{"@id":"https:\/\/poggi.tesecom.net\/es\/#organization"},"potentialAction":[{"@type":"SearchAction","target":{"@type":"EntryPoint","urlTemplate":"https:\/\/poggi.tesecom.net\/es\/?s={search_term_string}"},"query-input":{"@type":"PropertyValueSpecification","valueRequired":true,"valueName":"search_term_string"}}],"inLanguage":"es"},{"@type":"Organization","@id":"https:\/\/poggi.tesecom.net\/es\/#organization","name":"Poggi S.p.a. - Produttori di Silos dal 1945","url":"https:\/\/poggi.tesecom.net\/es\/","logo":{"@type":"ImageObject","inLanguage":"es","@id":"https:\/\/poggi.tesecom.net\/es\/#\/schema\/logo\/image\/","url":"https:\/\/poggi.tesecom.net\/wp-content\/uploads\/2025\/10\/Logo_2025.webp","contentUrl":"https:\/\/poggi.tesecom.net\/wp-content\/uploads\/2025\/10\/Logo_2025.webp","width":1484,"height":494,"caption":"Poggi S.p.a. - Produttori di Silos dal 1945"},"image":{"@id":"https:\/\/poggi.tesecom.net\/es\/#\/schema\/logo\/image\/"}}]}},"_links":{"self":[{"href":"https:\/\/poggi.tesecom.net\/es\/wp-json\/wp\/v2\/pages\/127227","targetHints":{"allow":["GET"]}}],"collection":[{"href":"https:\/\/poggi.tesecom.net\/es\/wp-json\/wp\/v2\/pages"}],"about":[{"href":"https:\/\/poggi.tesecom.net\/es\/wp-json\/wp\/v2\/types\/page"}],"author":[{"embeddable":true,"href":"https:\/\/poggi.tesecom.net\/es\/wp-json\/wp\/v2\/users\/2"}],"replies":[{"embeddable":true,"href":"https:\/\/poggi.tesecom.net\/es\/wp-json\/wp\/v2\/comments?post=127227"}],"version-history":[{"count":2,"href":"https:\/\/poggi.tesecom.net\/es\/wp-json\/wp\/v2\/pages\/127227\/revisions"}],"predecessor-version":[{"id":127233,"href":"https:\/\/poggi.tesecom.net\/es\/wp-json\/wp\/v2\/pages\/127227\/revisions\/127233"}],"wp:attachment":[{"href":"https:\/\/poggi.tesecom.net\/es\/wp-json\/wp\/v2\/media?parent=127227"}],"curies":[{"name":"wp","href":"https:\/\/api.w.org\/{rel}","templated":true}]}}