{"id":127240,"date":"2026-04-29T15:29:42","date_gmt":"2026-04-29T13:29:42","guid":{"rendered":"https:\/\/poggi.tesecom.net\/?page_id=127240"},"modified":"2026-04-29T15:40:54","modified_gmt":"2026-04-29T13:40:54","slug":"datenschutzerklaerung","status":"publish","type":"page","link":"https:\/\/poggi.tesecom.net\/de\/datenschutzerklaerung\/","title":{"rendered":"Datenschutzerkl\u00e4rung"},"content":{"rendered":"\r\n<h2 class=\"wp-block-heading\">Information gem\u00e4\u00df Art. 13 der Verordnung (EU) Nr. 679\/2016 (\u201cDSGVO\u201d)<\/h2>\r\n<p>Der Unterzeichner (Gesellschaft\/Einrichtung\/Einzelunternehmen\/Verein\/Freiberufler) sch\u00fctzt die Vertraulichkeit personenbezogener Daten und gew\u00e4hrleistet den erforderlichen Schutz vor Ereignissen, die ein Risiko einer Verletzung darstellen k\u00f6nnten.<br \/>Gem\u00e4\u00df den Bestimmungen der Verordnung (EU) Nr. 679\/2016 (\u201cDSGVO\u201d), insbesondere Art. 13, werden dem Nutzer (\u201cBetroffene Person\u201d) nachfolgend Informationen \u00fcber die Verarbeitung seiner personenbezogenen Daten bereitgestellt.<br \/>Diese Information (\u201cInformation\u201d), die auf dem Transparenzprinzip und allen von der DSGVO geforderten Elementen basiert, ist in einzelne Abschnitte gegliedert, die jeweils ein spezifisches Thema behandeln, um die Lekt\u00fcre schneller, einfacher und verst\u00e4ndlicher zu machen.<\/p>\r\n<h3>ABSCHNITT I<\/h3>\r\n<p><b>Wer wir sind und welche Daten wir verarbeiten [Art. 13 Abs. 1 lit. a); Art. 15 lit. b) DSGVO]<\/b><br \/>Die Verarbeitung personenbezogener Daten der betroffenen Person erfolgt durch POGGI S.p.A., vertreten durch den gesetzlichen Vertreter pro tempore, mit Sitz in Chiusi della Verna (AR), Via XXV Aprile, 19 Loc. Corsalone, die als Verantwortlicher (\u201cVerantwortlicher\u201d) unter der E-Mail-Adresse poggi@pec.poggi-spa.com erreichbar ist und Informationen \u00fcber die betroffene Person sammelt und\/oder erh\u00e4lt, wie:<\/p>\r\n<table class=\"pritab\">\r\n<thead>\r\n<tr>\r\n<th>Datenkategorie<\/th>\r\n<th>Beispiele f\u00fcr Datentypen<\/th>\r\n<\/tr>\r\n<\/thead>\r\n<tbody>\r\n<tr>\r\n<td>Personenbezogene Daten<\/td>\r\n<td>Vorname, Nachname, Adresse, Staatsangeh\u00f6rigkeit, Provinz und Wohnort, Festnetz- und\/oder Mobiltelefon, Fax, Steuernummer\/USt-IdNr., E-Mail-Adresse(n), Kopie des Ausweisdokuments<\/td>\r\n<\/tr>\r\n<tr>\r\n<td>Bankdaten<\/td>\r\n<td>IBAN und Bank-\/Postdaten (ausgenommen Kreditkartennummer)<\/td>\r\n<\/tr>\r\n<tr>\r\n<td>Telematikverkehrsdaten<\/td>\r\n<td>Log, Herkunfts-IP-Adresse<\/td>\r\n<\/tr>\r\n<\/tbody>\r\n<\/table>\r\n<p>Die betroffene Person ist nicht verpflichtet, sogenannte \u201ebesondere Kategorien\u201c von Daten bereitzustellen, d.h. gem\u00e4\u00df Art. 9 DSGVO Daten \u00fcber rassische oder ethnische Herkunft, politische Meinungen, religi\u00f6se oder philosophische \u00dcberzeugungen, Gewerkschaftszugeh\u00f6rigkeit sowie genetische Daten, biometrische Daten, Gesundheitsdaten oder Daten zum Sexualleben oder zur sexuellen Orientierung. Falls die angeforderte Leistung die Verarbeitung solcher Daten erfordert (siehe Abschnitt IV), erh\u00e4lt die betroffene Person zuvor eine entsprechende Information und wird um ihre Einwilligung gebeten.<\/p>\r\n","protected":false},"excerpt":{"rendered":"<p>Information gem\u00e4\u00df Art. 13 der Verordnung (EU) Nr. 679\/2016 (\u201cDSGVO\u201d) Der Unterzeichner (Gesellschaft\/Einrichtung\/Einzelunternehmen\/Verein\/Freiberufler) sch\u00fctzt die Vertraulichkeit personenbezogener Daten und gew\u00e4hrleistet den erforderlichen Schutz vor Ereignissen, die ein Risiko einer Verletzung darstellen k\u00f6nnten.Gem\u00e4\u00df den Bestimmungen der Verordnung (EU) Nr. 679\/2016 (\u201cDSGVO\u201d), insbesondere Art. 13, werden dem Nutzer (\u201cBetroffene Person\u201d) nachfolgend Informationen \u00fcber die Verarbeitung seiner personenbezogenen [&hellip;]<\/p>\n","protected":false},"author":2,"featured_media":0,"parent":0,"menu_order":0,"comment_status":"closed","ping_status":"open","template":"","meta":{"_acf_changed":false,"footnotes":""},"class_list":["post-127240","page","type-page","status-publish","hentry"],"acf":[],"yoast_head":"<!-- This site is optimized with the Yoast SEO plugin v26.4 - https:\/\/yoast.com\/wordpress\/plugins\/seo\/ -->\n<title>Datenschutzerkl\u00e4rung - Poggi S.p.a.<\/title>\n<meta name=\"robots\" content=\"noindex, follow, max-snippet:-1, max-image-preview:large, max-video-preview:-1\" \/>\n<meta property=\"og:locale\" content=\"de_DE\" \/>\n<meta property=\"og:type\" content=\"article\" \/>\n<meta property=\"og:title\" content=\"Datenschutzerkl\u00e4rung - Poggi S.p.a.\" \/>\n<meta property=\"og:description\" content=\"Information gem\u00e4\u00df Art. 13 der Verordnung (EU) Nr. 679\/2016 (\u201cDSGVO\u201d) Der Unterzeichner (Gesellschaft\/Einrichtung\/Einzelunternehmen\/Verein\/Freiberufler) sch\u00fctzt die Vertraulichkeit personenbezogener Daten und gew\u00e4hrleistet den erforderlichen Schutz vor Ereignissen, die ein Risiko einer Verletzung darstellen k\u00f6nnten.Gem\u00e4\u00df den Bestimmungen der Verordnung (EU) Nr. 679\/2016 (\u201cDSGVO\u201d), insbesondere Art. 13, werden dem Nutzer (\u201cBetroffene Person\u201d) nachfolgend Informationen \u00fcber die Verarbeitung seiner personenbezogenen [&hellip;]\" \/>\n<meta property=\"og:url\" content=\"https:\/\/poggi.tesecom.net\/de\/datenschutzerklaerung\/\" \/>\n<meta property=\"og:site_name\" content=\"Poggi S.p.a.\" \/>\n<meta property=\"article:modified_time\" content=\"2026-04-29T13:40:54+00:00\" \/>\n<meta name=\"twitter:card\" content=\"summary_large_image\" \/>\n<meta name=\"twitter:label1\" content=\"Gesch\u00e4tzte Lesezeit\" \/>\n\t<meta name=\"twitter:data1\" content=\"2\u00a0Minuten\" \/>\n<script type=\"application\/ld+json\" class=\"yoast-schema-graph\">{\"@context\":\"https:\/\/schema.org\",\"@graph\":[{\"@type\":\"WebPage\",\"@id\":\"https:\/\/poggi.tesecom.net\/de\/datenschutzerklaerung\/\",\"url\":\"https:\/\/poggi.tesecom.net\/de\/datenschutzerklaerung\/\",\"name\":\"Datenschutzerkl\u00e4rung - Poggi S.p.a.\",\"isPartOf\":{\"@id\":\"https:\/\/poggi.tesecom.net\/de\/#website\"},\"datePublished\":\"2026-04-29T13:29:42+00:00\",\"dateModified\":\"2026-04-29T13:40:54+00:00\",\"breadcrumb\":{\"@id\":\"https:\/\/poggi.tesecom.net\/de\/datenschutzerklaerung\/#breadcrumb\"},\"inLanguage\":\"de\",\"potentialAction\":[{\"@type\":\"ReadAction\",\"target\":[\"https:\/\/poggi.tesecom.net\/de\/datenschutzerklaerung\/\"]}]},{\"@type\":\"BreadcrumbList\",\"@id\":\"https:\/\/poggi.tesecom.net\/de\/datenschutzerklaerung\/#breadcrumb\",\"itemListElement\":[{\"@type\":\"ListItem\",\"position\":1,\"name\":\"Home\",\"item\":\"https:\/\/poggi.tesecom.net\/de\/\"},{\"@type\":\"ListItem\",\"position\":2,\"name\":\"Datenschutzerkl\u00e4rung\"}]},{\"@type\":\"WebSite\",\"@id\":\"https:\/\/poggi.tesecom.net\/de\/#website\",\"url\":\"https:\/\/poggi.tesecom.net\/de\/\",\"name\":\"Poggi S.p.a. - Produttori di Silos dal 1945\",\"description\":\"\",\"publisher\":{\"@id\":\"https:\/\/poggi.tesecom.net\/de\/#organization\"},\"potentialAction\":[{\"@type\":\"SearchAction\",\"target\":{\"@type\":\"EntryPoint\",\"urlTemplate\":\"https:\/\/poggi.tesecom.net\/de\/?s={search_term_string}\"},\"query-input\":{\"@type\":\"PropertyValueSpecification\",\"valueRequired\":true,\"valueName\":\"search_term_string\"}}],\"inLanguage\":\"de\"},{\"@type\":\"Organization\",\"@id\":\"https:\/\/poggi.tesecom.net\/de\/#organization\",\"name\":\"Poggi S.p.a. - Produttori di Silos dal 1945\",\"url\":\"https:\/\/poggi.tesecom.net\/de\/\",\"logo\":{\"@type\":\"ImageObject\",\"inLanguage\":\"de\",\"@id\":\"https:\/\/poggi.tesecom.net\/de\/#\/schema\/logo\/image\/\",\"url\":\"https:\/\/poggi.tesecom.net\/wp-content\/uploads\/2025\/10\/Logo_2025.webp\",\"contentUrl\":\"https:\/\/poggi.tesecom.net\/wp-content\/uploads\/2025\/10\/Logo_2025.webp\",\"width\":1484,\"height\":494,\"caption\":\"Poggi S.p.a. - Produttori di Silos dal 1945\"},\"image\":{\"@id\":\"https:\/\/poggi.tesecom.net\/de\/#\/schema\/logo\/image\/\"}}]}<\/script>\n<!-- \/ Yoast SEO plugin. -->","yoast_head_json":{"title":"Datenschutzerkl\u00e4rung - Poggi S.p.a.","robots":{"index":"noindex","follow":"follow","max-snippet":"max-snippet:-1","max-image-preview":"max-image-preview:large","max-video-preview":"max-video-preview:-1"},"og_locale":"de_DE","og_type":"article","og_title":"Datenschutzerkl\u00e4rung - Poggi S.p.a.","og_description":"Information gem\u00e4\u00df Art. 13 der Verordnung (EU) Nr. 679\/2016 (\u201cDSGVO\u201d) Der Unterzeichner (Gesellschaft\/Einrichtung\/Einzelunternehmen\/Verein\/Freiberufler) sch\u00fctzt die Vertraulichkeit personenbezogener Daten und gew\u00e4hrleistet den erforderlichen Schutz vor Ereignissen, die ein Risiko einer Verletzung darstellen k\u00f6nnten.Gem\u00e4\u00df den Bestimmungen der Verordnung (EU) Nr. 679\/2016 (\u201cDSGVO\u201d), insbesondere Art. 13, werden dem Nutzer (\u201cBetroffene Person\u201d) nachfolgend Informationen \u00fcber die Verarbeitung seiner personenbezogenen [&hellip;]","og_url":"https:\/\/poggi.tesecom.net\/de\/datenschutzerklaerung\/","og_site_name":"Poggi S.p.a.","article_modified_time":"2026-04-29T13:40:54+00:00","twitter_card":"summary_large_image","twitter_misc":{"Gesch\u00e4tzte Lesezeit":"2\u00a0Minuten"},"schema":{"@context":"https:\/\/schema.org","@graph":[{"@type":"WebPage","@id":"https:\/\/poggi.tesecom.net\/de\/datenschutzerklaerung\/","url":"https:\/\/poggi.tesecom.net\/de\/datenschutzerklaerung\/","name":"Datenschutzerkl\u00e4rung - Poggi S.p.a.","isPartOf":{"@id":"https:\/\/poggi.tesecom.net\/de\/#website"},"datePublished":"2026-04-29T13:29:42+00:00","dateModified":"2026-04-29T13:40:54+00:00","breadcrumb":{"@id":"https:\/\/poggi.tesecom.net\/de\/datenschutzerklaerung\/#breadcrumb"},"inLanguage":"de","potentialAction":[{"@type":"ReadAction","target":["https:\/\/poggi.tesecom.net\/de\/datenschutzerklaerung\/"]}]},{"@type":"BreadcrumbList","@id":"https:\/\/poggi.tesecom.net\/de\/datenschutzerklaerung\/#breadcrumb","itemListElement":[{"@type":"ListItem","position":1,"name":"Home","item":"https:\/\/poggi.tesecom.net\/de\/"},{"@type":"ListItem","position":2,"name":"Datenschutzerkl\u00e4rung"}]},{"@type":"WebSite","@id":"https:\/\/poggi.tesecom.net\/de\/#website","url":"https:\/\/poggi.tesecom.net\/de\/","name":"Poggi S.p.a. - Produttori di Silos dal 1945","description":"","publisher":{"@id":"https:\/\/poggi.tesecom.net\/de\/#organization"},"potentialAction":[{"@type":"SearchAction","target":{"@type":"EntryPoint","urlTemplate":"https:\/\/poggi.tesecom.net\/de\/?s={search_term_string}"},"query-input":{"@type":"PropertyValueSpecification","valueRequired":true,"valueName":"search_term_string"}}],"inLanguage":"de"},{"@type":"Organization","@id":"https:\/\/poggi.tesecom.net\/de\/#organization","name":"Poggi S.p.a. - Produttori di Silos dal 1945","url":"https:\/\/poggi.tesecom.net\/de\/","logo":{"@type":"ImageObject","inLanguage":"de","@id":"https:\/\/poggi.tesecom.net\/de\/#\/schema\/logo\/image\/","url":"https:\/\/poggi.tesecom.net\/wp-content\/uploads\/2025\/10\/Logo_2025.webp","contentUrl":"https:\/\/poggi.tesecom.net\/wp-content\/uploads\/2025\/10\/Logo_2025.webp","width":1484,"height":494,"caption":"Poggi S.p.a. - Produttori di Silos dal 1945"},"image":{"@id":"https:\/\/poggi.tesecom.net\/de\/#\/schema\/logo\/image\/"}}]}},"_links":{"self":[{"href":"https:\/\/poggi.tesecom.net\/de\/wp-json\/wp\/v2\/pages\/127240","targetHints":{"allow":["GET"]}}],"collection":[{"href":"https:\/\/poggi.tesecom.net\/de\/wp-json\/wp\/v2\/pages"}],"about":[{"href":"https:\/\/poggi.tesecom.net\/de\/wp-json\/wp\/v2\/types\/page"}],"author":[{"embeddable":true,"href":"https:\/\/poggi.tesecom.net\/de\/wp-json\/wp\/v2\/users\/2"}],"replies":[{"embeddable":true,"href":"https:\/\/poggi.tesecom.net\/de\/wp-json\/wp\/v2\/comments?post=127240"}],"version-history":[{"count":6,"href":"https:\/\/poggi.tesecom.net\/de\/wp-json\/wp\/v2\/pages\/127240\/revisions"}],"predecessor-version":[{"id":127267,"href":"https:\/\/poggi.tesecom.net\/de\/wp-json\/wp\/v2\/pages\/127240\/revisions\/127267"}],"wp:attachment":[{"href":"https:\/\/poggi.tesecom.net\/de\/wp-json\/wp\/v2\/media?parent=127240"}],"curies":[{"name":"wp","href":"https:\/\/api.w.org\/{rel}","templated":true}]}}