{"id":127226,"date":"2026-04-29T15:28:15","date_gmt":"2026-04-29T13:28:15","guid":{"rendered":"https:\/\/poggi.tesecom.net\/?page_id=127226"},"modified":"2026-04-29T15:28:15","modified_gmt":"2026-04-29T13:28:15","slug":"por-fesr-toskana-2014-2020-kofinanziertes-projekt","status":"publish","type":"page","link":"https:\/\/poggi.tesecom.net\/de\/por-fesr-toskana-2014-2020-kofinanziertes-projekt\/","title":{"rendered":"POGGI S.p.A. \u2013 Vom POR FESR Toskana 2014\u20132020 kofinanziertes Projekt"},"content":{"rendered":"<p><strong>POGGI S.P.A.<\/strong><br \/> <strong>Vom POR FESR kofinanziertes Projekt<\/strong><br \/> <strong>Toskana 2014\u20132020<\/strong><br \/> <strong>Ma\u00dfnahme 3.1.1. \u2013 Unterma\u00dfnahme 3.1.1.a3<\/strong><\/p>\n<p><strong>EUROP\u00c4ISCHE UNION<\/strong><\/p>\n<p>Mit dem im Rahmen der Ausschreibung Fondo Investimenti Toscana eingereichten, von der Europ\u00e4ischen Union kofinanzierten Projekt hat Poggi S.p.A. ihren Transformationsprozess fortgesetzt \u2013 ein entscheidender Schritt, um wettbewerbsf\u00e4hig und attraktiv am Markt zu bleiben.<br \/> Das Projekt umfasste eine Investition von \u00fcber 150.000 \u20ac f\u00fcr den Kauf einer neuen Strahlanlage. Die Anlage umfasst eine Strahlkabine, Ausr\u00fcstungen und Sicherheitseinrichtungen, Filteranlage, Bodenabstreifsysteme, System zur R\u00fcckgewinnung und Regeneration des Strahlmittels, Sandstrahlanlage, Schaltschrank sowie Industrie-4.0-Vorbereitung.<br \/> Die Investition in die Strahlanlage stellt ein wichtiges Element f\u00fcr die Produktionsabteilung des Unternehmens dar. Dank dieses Systems k\u00f6nnen die Mitarbeiter effizient an einer Vielzahl von Bauteilen und Produkten arbeiten.<br \/> Die erzielten Ergebnisse haben die Wirksamkeit der Investition best\u00e4tigt, mit einer Steigerung der Produktionskapazit\u00e4t von Poggi S.p.A. sowie der Entwicklung neuer Kompetenzen der Mitarbeiter, die das unternehmensinterne Know-how st\u00e4rken.<\/p>\n","protected":false},"excerpt":{"rendered":"<p>POGGI S.P.A. Vom POR FESR kofinanziertes Projekt Toskana 2014\u20132020 Ma\u00dfnahme 3.1.1. \u2013 Unterma\u00dfnahme 3.1.1.a3 EUROP\u00c4ISCHE UNION Mit dem im Rahmen der Ausschreibung Fondo Investimenti Toscana eingereichten, von der Europ\u00e4ischen Union kofinanzierten Projekt hat Poggi S.p.A. ihren Transformationsprozess fortgesetzt \u2013 ein entscheidender Schritt, um wettbewerbsf\u00e4hig und attraktiv am Markt zu bleiben. Das Projekt umfasste eine Investition [&hellip;]<\/p>\n","protected":false},"author":2,"featured_media":0,"parent":0,"menu_order":0,"comment_status":"closed","ping_status":"open","template":"","meta":{"_acf_changed":false,"footnotes":""},"class_list":["post-127226","page","type-page","status-publish","hentry"],"acf":[],"yoast_head":"<!-- This site is optimized with the Yoast SEO plugin v26.4 - https:\/\/yoast.com\/wordpress\/plugins\/seo\/ -->\n<title>POGGI S.p.A. \u2013 Vom POR FESR Toskana 2014\u20132020 kofinanziertes Projekt - Poggi S.p.a.<\/title>\n<meta name=\"robots\" content=\"noindex, follow, max-snippet:-1, max-image-preview:large, max-video-preview:-1\" \/>\n<meta property=\"og:locale\" content=\"de_DE\" \/>\n<meta property=\"og:type\" content=\"article\" \/>\n<meta property=\"og:title\" content=\"POGGI S.p.A. \u2013 Vom POR FESR Toskana 2014\u20132020 kofinanziertes Projekt - Poggi S.p.a.\" \/>\n<meta property=\"og:description\" content=\"POGGI S.P.A. Vom POR FESR kofinanziertes Projekt Toskana 2014\u20132020 Ma\u00dfnahme 3.1.1. \u2013 Unterma\u00dfnahme 3.1.1.a3 EUROP\u00c4ISCHE UNION Mit dem im Rahmen der Ausschreibung Fondo Investimenti Toscana eingereichten, von der Europ\u00e4ischen Union kofinanzierten Projekt hat Poggi S.p.A. ihren Transformationsprozess fortgesetzt \u2013 ein entscheidender Schritt, um wettbewerbsf\u00e4hig und attraktiv am Markt zu bleiben. Das Projekt umfasste eine Investition [&hellip;]\" \/>\n<meta property=\"og:url\" content=\"https:\/\/poggi.tesecom.net\/de\/por-fesr-toskana-2014-2020-kofinanziertes-projekt\/\" \/>\n<meta property=\"og:site_name\" content=\"Poggi S.p.a.\" \/>\n<meta name=\"twitter:card\" content=\"summary_large_image\" \/>\n<meta name=\"twitter:label1\" content=\"Gesch\u00e4tzte Lesezeit\" \/>\n\t<meta name=\"twitter:data1\" content=\"1\u00a0Minute\" \/>\n<script type=\"application\/ld+json\" class=\"yoast-schema-graph\">{\"@context\":\"https:\/\/schema.org\",\"@graph\":[{\"@type\":\"WebPage\",\"@id\":\"https:\/\/poggi.tesecom.net\/de\/por-fesr-toskana-2014-2020-kofinanziertes-projekt\/\",\"url\":\"https:\/\/poggi.tesecom.net\/de\/por-fesr-toskana-2014-2020-kofinanziertes-projekt\/\",\"name\":\"POGGI S.p.A. \u2013 Vom POR FESR Toskana 2014\u20132020 kofinanziertes Projekt - Poggi S.p.a.\",\"isPartOf\":{\"@id\":\"https:\/\/poggi.tesecom.net\/de\/#website\"},\"datePublished\":\"2026-04-29T13:28:15+00:00\",\"breadcrumb\":{\"@id\":\"https:\/\/poggi.tesecom.net\/de\/por-fesr-toskana-2014-2020-kofinanziertes-projekt\/#breadcrumb\"},\"inLanguage\":\"de\",\"potentialAction\":[{\"@type\":\"ReadAction\",\"target\":[\"https:\/\/poggi.tesecom.net\/de\/por-fesr-toskana-2014-2020-kofinanziertes-projekt\/\"]}]},{\"@type\":\"BreadcrumbList\",\"@id\":\"https:\/\/poggi.tesecom.net\/de\/por-fesr-toskana-2014-2020-kofinanziertes-projekt\/#breadcrumb\",\"itemListElement\":[{\"@type\":\"ListItem\",\"position\":1,\"name\":\"Home\",\"item\":\"https:\/\/poggi.tesecom.net\/de\/\"},{\"@type\":\"ListItem\",\"position\":2,\"name\":\"POGGI S.p.A. \u2013 Vom POR FESR Toskana 2014\u20132020 kofinanziertes Projekt\"}]},{\"@type\":\"WebSite\",\"@id\":\"https:\/\/poggi.tesecom.net\/de\/#website\",\"url\":\"https:\/\/poggi.tesecom.net\/de\/\",\"name\":\"Poggi S.p.a. - Produttori di Silos dal 1945\",\"description\":\"\",\"publisher\":{\"@id\":\"https:\/\/poggi.tesecom.net\/de\/#organization\"},\"potentialAction\":[{\"@type\":\"SearchAction\",\"target\":{\"@type\":\"EntryPoint\",\"urlTemplate\":\"https:\/\/poggi.tesecom.net\/de\/?s={search_term_string}\"},\"query-input\":{\"@type\":\"PropertyValueSpecification\",\"valueRequired\":true,\"valueName\":\"search_term_string\"}}],\"inLanguage\":\"de\"},{\"@type\":\"Organization\",\"@id\":\"https:\/\/poggi.tesecom.net\/de\/#organization\",\"name\":\"Poggi S.p.a. - Produttori di Silos dal 1945\",\"url\":\"https:\/\/poggi.tesecom.net\/de\/\",\"logo\":{\"@type\":\"ImageObject\",\"inLanguage\":\"de\",\"@id\":\"https:\/\/poggi.tesecom.net\/de\/#\/schema\/logo\/image\/\",\"url\":\"https:\/\/poggi.tesecom.net\/wp-content\/uploads\/2025\/10\/Logo_2025.webp\",\"contentUrl\":\"https:\/\/poggi.tesecom.net\/wp-content\/uploads\/2025\/10\/Logo_2025.webp\",\"width\":1484,\"height\":494,\"caption\":\"Poggi S.p.a. - Produttori di Silos dal 1945\"},\"image\":{\"@id\":\"https:\/\/poggi.tesecom.net\/de\/#\/schema\/logo\/image\/\"}}]}<\/script>\n<!-- \/ Yoast SEO plugin. -->","yoast_head_json":{"title":"POGGI S.p.A. \u2013 Vom POR FESR Toskana 2014\u20132020 kofinanziertes Projekt - Poggi S.p.a.","robots":{"index":"noindex","follow":"follow","max-snippet":"max-snippet:-1","max-image-preview":"max-image-preview:large","max-video-preview":"max-video-preview:-1"},"og_locale":"de_DE","og_type":"article","og_title":"POGGI S.p.A. \u2013 Vom POR FESR Toskana 2014\u20132020 kofinanziertes Projekt - Poggi S.p.a.","og_description":"POGGI S.P.A. Vom POR FESR kofinanziertes Projekt Toskana 2014\u20132020 Ma\u00dfnahme 3.1.1. \u2013 Unterma\u00dfnahme 3.1.1.a3 EUROP\u00c4ISCHE UNION Mit dem im Rahmen der Ausschreibung Fondo Investimenti Toscana eingereichten, von der Europ\u00e4ischen Union kofinanzierten Projekt hat Poggi S.p.A. ihren Transformationsprozess fortgesetzt \u2013 ein entscheidender Schritt, um wettbewerbsf\u00e4hig und attraktiv am Markt zu bleiben. Das Projekt umfasste eine Investition [&hellip;]","og_url":"https:\/\/poggi.tesecom.net\/de\/por-fesr-toskana-2014-2020-kofinanziertes-projekt\/","og_site_name":"Poggi S.p.a.","twitter_card":"summary_large_image","twitter_misc":{"Gesch\u00e4tzte Lesezeit":"1\u00a0Minute"},"schema":{"@context":"https:\/\/schema.org","@graph":[{"@type":"WebPage","@id":"https:\/\/poggi.tesecom.net\/de\/por-fesr-toskana-2014-2020-kofinanziertes-projekt\/","url":"https:\/\/poggi.tesecom.net\/de\/por-fesr-toskana-2014-2020-kofinanziertes-projekt\/","name":"POGGI S.p.A. \u2013 Vom POR FESR Toskana 2014\u20132020 kofinanziertes Projekt - Poggi S.p.a.","isPartOf":{"@id":"https:\/\/poggi.tesecom.net\/de\/#website"},"datePublished":"2026-04-29T13:28:15+00:00","breadcrumb":{"@id":"https:\/\/poggi.tesecom.net\/de\/por-fesr-toskana-2014-2020-kofinanziertes-projekt\/#breadcrumb"},"inLanguage":"de","potentialAction":[{"@type":"ReadAction","target":["https:\/\/poggi.tesecom.net\/de\/por-fesr-toskana-2014-2020-kofinanziertes-projekt\/"]}]},{"@type":"BreadcrumbList","@id":"https:\/\/poggi.tesecom.net\/de\/por-fesr-toskana-2014-2020-kofinanziertes-projekt\/#breadcrumb","itemListElement":[{"@type":"ListItem","position":1,"name":"Home","item":"https:\/\/poggi.tesecom.net\/de\/"},{"@type":"ListItem","position":2,"name":"POGGI S.p.A. \u2013 Vom POR FESR Toskana 2014\u20132020 kofinanziertes Projekt"}]},{"@type":"WebSite","@id":"https:\/\/poggi.tesecom.net\/de\/#website","url":"https:\/\/poggi.tesecom.net\/de\/","name":"Poggi S.p.a. - Produttori di Silos dal 1945","description":"","publisher":{"@id":"https:\/\/poggi.tesecom.net\/de\/#organization"},"potentialAction":[{"@type":"SearchAction","target":{"@type":"EntryPoint","urlTemplate":"https:\/\/poggi.tesecom.net\/de\/?s={search_term_string}"},"query-input":{"@type":"PropertyValueSpecification","valueRequired":true,"valueName":"search_term_string"}}],"inLanguage":"de"},{"@type":"Organization","@id":"https:\/\/poggi.tesecom.net\/de\/#organization","name":"Poggi S.p.a. - Produttori di Silos dal 1945","url":"https:\/\/poggi.tesecom.net\/de\/","logo":{"@type":"ImageObject","inLanguage":"de","@id":"https:\/\/poggi.tesecom.net\/de\/#\/schema\/logo\/image\/","url":"https:\/\/poggi.tesecom.net\/wp-content\/uploads\/2025\/10\/Logo_2025.webp","contentUrl":"https:\/\/poggi.tesecom.net\/wp-content\/uploads\/2025\/10\/Logo_2025.webp","width":1484,"height":494,"caption":"Poggi S.p.a. - Produttori di Silos dal 1945"},"image":{"@id":"https:\/\/poggi.tesecom.net\/de\/#\/schema\/logo\/image\/"}}]}},"_links":{"self":[{"href":"https:\/\/poggi.tesecom.net\/de\/wp-json\/wp\/v2\/pages\/127226","targetHints":{"allow":["GET"]}}],"collection":[{"href":"https:\/\/poggi.tesecom.net\/de\/wp-json\/wp\/v2\/pages"}],"about":[{"href":"https:\/\/poggi.tesecom.net\/de\/wp-json\/wp\/v2\/types\/page"}],"author":[{"embeddable":true,"href":"https:\/\/poggi.tesecom.net\/de\/wp-json\/wp\/v2\/users\/2"}],"replies":[{"embeddable":true,"href":"https:\/\/poggi.tesecom.net\/de\/wp-json\/wp\/v2\/comments?post=127226"}],"version-history":[{"count":2,"href":"https:\/\/poggi.tesecom.net\/de\/wp-json\/wp\/v2\/pages\/127226\/revisions"}],"predecessor-version":[{"id":127235,"href":"https:\/\/poggi.tesecom.net\/de\/wp-json\/wp\/v2\/pages\/127226\/revisions\/127235"}],"wp:attachment":[{"href":"https:\/\/poggi.tesecom.net\/de\/wp-json\/wp\/v2\/media?parent=127226"}],"curies":[{"name":"wp","href":"https:\/\/api.w.org\/{rel}","templated":true}]}}